{"id":1366,"date":"2024-06-14T09:31:52","date_gmt":"2024-06-14T07:31:52","guid":{"rendered":"https:\/\/ig53.ch\/?page_id=1366"},"modified":"2024-06-14T09:32:11","modified_gmt":"2024-06-14T07:32:11","slug":"scirocco-corrado-treffen-schweiz","status":"publish","type":"page","link":"https:\/\/ig53.ch\/index.php\/scirocco-corrado-treffen-schweiz\/","title":{"rendered":"Scirocco \/ Corrado Treffen Schweiz 2024"},"content":{"rendered":"\n<figure class=\"wp-block-pullquote\"><blockquote><p>16. Int Treffen in der Schweiz vom 26.07.2024 bis 28.07.2024<\/p><\/blockquote><\/figure>\n\n\n\n<div class=\"wp-block-columns is-layout-flex wp-container-core-columns-is-layout-9d6595d7 wp-block-columns-is-layout-flex\">\n<div class=\"wp-block-column is-layout-flow wp-block-column-is-layout-flow\">\n<p>Veranstaltungsort ist in Leutenegg 5 in 8577 Sch\u00f6nholzerswilen. In unserem Programm welches von Thomas, Nathalie und Familie organisiert wird steht das gem\u00fctliche Beisammen sein an erster Stelle. <\/p>\n<\/div>\n\n\n\n<div class=\"wp-block-column is-layout-flow wp-block-column-is-layout-flow\">\n<figure class=\"wp-block-image size-full is-resized\"><img loading=\"lazy\" decoding=\"async\" width=\"960\" height=\"540\" src=\"https:\/\/ig53.ch\/wp-content\/uploads\/2022\/07\/66174210_2272804989441748_1524298680922800128_n.jpg\" alt=\"\" class=\"wp-image-243\" style=\"width:480px;height:270px\" srcset=\"https:\/\/ig53.ch\/wp-content\/uploads\/2022\/07\/66174210_2272804989441748_1524298680922800128_n.jpg 960w, https:\/\/ig53.ch\/wp-content\/uploads\/2022\/07\/66174210_2272804989441748_1524298680922800128_n-600x338.jpg 600w, https:\/\/ig53.ch\/wp-content\/uploads\/2022\/07\/66174210_2272804989441748_1524298680922800128_n-300x169.jpg 300w, https:\/\/ig53.ch\/wp-content\/uploads\/2022\/07\/66174210_2272804989441748_1524298680922800128_n-768x432.jpg 768w\" sizes=\"auto, (max-width: 960px) 100vw, 960px\" \/><\/figure>\n<\/div>\n<\/div>\n\n\n\n<ul class=\"wp-block-list\">\n<li>Barbetrieb Freitag und Samstag ab 19 Uhr<\/li>\n\n\n\n<li>Spiele: Samstag ab 15 Uhr<\/li>\n\n\n\n<li>Festwirtschaft vorhanden<\/li>\n\n\n\n<li>F\u00fcr unsere Treffen Teilnehmer stellen wir wie letztes Jahr einen Grill zur Verf\u00fcgung. Feuerstelle kann auch benutzt werden. Somit braucht man keinen Grill.<\/li>\n\n\n\n<li>Anreise ab Donnerstag 25.07 m\u00f6glich.<\/li>\n\n\n\n<li>Die Teilnehmergeb\u00fchr pro Person betr\u00e4gt CHF 40.- .<\/li>\n\n\n\n<li>Bezahlung am Treffen. Euro kann bei uns in Schweizer Franken gewechselt werden.<\/li>\n\n\n\n<li>Daf\u00fcr gibt es 2mal Fr\u00fchst\u00fcck ,1 Gastgeschenk ,1 Aufkleber und ein Platz f\u00fcr das Zelt mit Sanit\u00e4ranlagen<\/li>\n<\/ul>\n\n\n\n<div class=\"wp-block-columns is-layout-flex wp-container-core-columns-is-layout-9d6595d7 wp-block-columns-is-layout-flex\">\n<div class=\"wp-block-column is-layout-flow wp-block-column-is-layout-flow\">\n<figure class=\"wp-block-gallery aligncenter has-nested-images columns-default is-cropped wp-block-gallery-1 is-layout-flex wp-block-gallery-is-layout-flex\">\n<figure class=\"wp-block-image size-full\"><img loading=\"lazy\" decoding=\"async\" width=\"526\" height=\"274\" data-id=\"211\" src=\"https:\/\/ig53.ch\/wp-content\/uploads\/2022\/07\/277248967_4883855798336641_8722773920950445338_n.jpg\" alt=\"\" class=\"wp-image-211\" srcset=\"https:\/\/ig53.ch\/wp-content\/uploads\/2022\/07\/277248967_4883855798336641_8722773920950445338_n.jpg 526w, https:\/\/ig53.ch\/wp-content\/uploads\/2022\/07\/277248967_4883855798336641_8722773920950445338_n-300x156.jpg 300w\" sizes=\"auto, (max-width: 526px) 100vw, 526px\" \/><\/figure>\n<\/figure>\n<\/div>\n\n\n\n<div class=\"wp-block-column is-layout-flow wp-block-column-is-layout-flow\">\n<p><strong>Anmeldungen nehmen wir gerne entgegen:<\/strong><\/p>\n\n\n\n<p>Thomas Bochtler und Nathalie Marti<br>Leutenegg 5<br>8577 Sch\u00f6nholzerswilen \/CHE-Mail fam.bochtler@bluewin.ch<br>Tel. 0041716333586<br>Per WhatsApp<br>Tel. 0041793936462<br><a rel=\"noreferrer noopener\" href=\"https:\/\/facebook.com\/?__cft__[0]=AZXR_lDJfu4SXmn7HtflAYbKMHavhtSsbQ8xnkXecY513I2ZXVkepxoFYsfWenGZ6f9Aj0635Xnuqrq_a94mnrrtJZE9p7ZwtgWyXoaeHHr7sM_MCWxI8Y3uhdm0x6B7ZHMVTAgLFaP3DEEp_vzR7Nib-QcVIV77w6eLgwKkAG2GrBvIvECDD1oNINgQ0mTWgWoTHIxF6DhtF5lm8FZOcTpF&amp;__tn__=-UK-R\" target=\"_blank\">facebook.com<\/a><\/p>\n<\/div>\n<\/div>\n","protected":false},"excerpt":{"rendered":"<p>16. Int Treffen in der Schweiz vom 26.07.2024 bis 28.07.2024 Veranstaltungsort ist in Leutenegg 5 in 8577 Sch\u00f6nholzerswilen. In unserem Programm welches von Thomas, Nathalie und Familie organisiert wird steht das gem\u00fctliche Beisammen sein an erster Stelle. Anmeldungen nehmen wir gerne entgegen: Thomas Bochtler und Nathalie MartiLeutenegg 58577 Sch\u00f6nholzerswilen \/CHE-Mail fam.bochtler@bluewin.chTel. 0041716333586Per WhatsAppTel. 0041793936462facebook.com<\/p>\n","protected":false},"author":1,"featured_media":0,"parent":0,"menu_order":0,"comment_status":"closed","ping_status":"closed","template":"","meta":{"pgc_sgb_lightbox_settings":"","footnotes":""},"class_list":["post-1366","page","type-page","status-publish","hentry"],"_links":{"self":[{"href":"https:\/\/ig53.ch\/index.php\/wp-json\/wp\/v2\/pages\/1366","targetHints":{"allow":["GET"]}}],"collection":[{"href":"https:\/\/ig53.ch\/index.php\/wp-json\/wp\/v2\/pages"}],"about":[{"href":"https:\/\/ig53.ch\/index.php\/wp-json\/wp\/v2\/types\/page"}],"author":[{"embeddable":true,"href":"https:\/\/ig53.ch\/index.php\/wp-json\/wp\/v2\/users\/1"}],"replies":[{"embeddable":true,"href":"https:\/\/ig53.ch\/index.php\/wp-json\/wp\/v2\/comments?post=1366"}],"version-history":[{"count":3,"href":"https:\/\/ig53.ch\/index.php\/wp-json\/wp\/v2\/pages\/1366\/revisions"}],"predecessor-version":[{"id":1369,"href":"https:\/\/ig53.ch\/index.php\/wp-json\/wp\/v2\/pages\/1366\/revisions\/1369"}],"wp:attachment":[{"href":"https:\/\/ig53.ch\/index.php\/wp-json\/wp\/v2\/media?parent=1366"}],"curies":[{"name":"wp","href":"https:\/\/api.w.org\/{rel}","templated":true}]}}