{"id":23,"date":"2022-07-02T10:58:31","date_gmt":"2022-07-02T08:58:31","guid":{"rendered":"https:\/\/ig53.ch\/index.php\/teluro\/"},"modified":"2024-12-26T08:22:37","modified_gmt":"2024-12-26T07:22:37","slug":"teluro","status":"publish","type":"page","link":"https:\/\/ig53.ch\/","title":{"rendered":"Startseite"},"content":{"rendered":"<div data-colibri-id=\"23-c1\" class=\"style-229 style-local-23-c1 position-relative\">\n  <!---->\n  <div data-colibri-component=\"section\" data-colibri-id=\"23-c2\" id=\"custom\" class=\"h-section h-section-global-spacing d-flex align-items-lg-center align-items-md-center align-items-center style-233 style-local-23-c2 position-relative\">\n    <!---->\n    <!---->\n    <div class=\"h-section-grid-container h-section-boxed-container\">\n      <!---->\n      <div data-colibri-id=\"23-c3\" class=\"h-row-container gutters-row-lg-2 gutters-row-md-2 gutters-row-0 gutters-row-v-lg-2 gutters-row-v-md-2 gutters-row-v-2 style-236 style-local-23-c3 position-relative\">\n        <!---->\n        <div class=\"h-row justify-content-lg-center justify-content-md-center justify-content-center align-items-lg-stretch align-items-md-stretch align-items-stretch gutters-col-lg-2 gutters-col-md-2 gutters-col-0 gutters-col-v-lg-2 gutters-col-v-md-2 gutters-col-v-2\">\n          <!---->\n          <div class=\"h-column h-column-container d-flex h-col-lg-6 h-col-md-6 h-col-12 style-237-outer style-local-23-c4-outer\">\n            <div data-colibri-id=\"23-c4\" class=\"d-flex h-flex-basis h-column__inner h-px-lg-2 h-px-md-2 h-px-2 v-inner-lg-2 v-inner-md-2 v-inner-2 style-237 style-local-23-c4 position-relative\">\n              <!---->\n              <!---->\n              <div class=\"w-100 h-y-container h-column__content h-column__v-align flex-basis-100 align-self-lg-start align-self-md-start align-self-start\">\n                <!---->\n                <div data-colibri-id=\"23-c5\" class=\"h-global-transition-all h-heading style-238 style-local-23-c5 position-relative h-element\">\n                  <!---->\n                  <div class=\"h-heading__outer style-238 style-local-23-c5\">\n                    <!---->\n                    <!---->\n                    <h1 class=\"\">Die IG 53 Schweiz<\/h1>\n                  <\/div>\n                <\/div>\n              <\/div>\n            <\/div>\n          <\/div>\n        <\/div>\n      <\/div>\n      <div data-colibri-id=\"23-c6\" class=\"h-row-container gutters-row-lg-2 gutters-row-md-2 gutters-row-0 gutters-row-v-lg-2 gutters-row-v-md-2 gutters-row-v-2 style-377 style-local-23-c6 position-relative\">\n        <!---->\n        <div class=\"h-row justify-content-lg-center justify-content-md-center justify-content-center align-items-lg-stretch align-items-md-stretch align-items-stretch gutters-col-lg-2 gutters-col-md-2 gutters-col-0 gutters-col-v-lg-2 gutters-col-v-md-2 gutters-col-v-2\">\n          <!---->\n          <div class=\"h-column h-column-container d-flex h-col-lg-4 h-col-md-4 h-col-12 style-378-outer style-local-23-c7-outer\">\n            <div data-colibri-id=\"23-c7\" class=\"d-flex h-flex-basis h-column__inner h-px-lg-2 h-px-md-2 h-px-2 v-inner-lg-2 v-inner-md-2 v-inner-2 style-378 style-local-23-c7 position-relative\">\n              <!---->\n              <!---->\n              <div class=\"w-100 h-y-container h-column__content h-column__v-align flex-basis-100 align-self-lg-start align-self-md-start align-self-start\">\n                <!---->\n                <div data-colibri-id=\"23-c8\" class=\"h-text h-text-component style-380 style-local-23-c8 position-relative h-element\">\n                  <!---->\n                  <!---->\n                  <div class=\"\">\n                    <p>Die 2001 gegr\u00fcndete IG53 Schweiz ist ein loser Verbund von Personen die sich in ihrer Freizeit gerne den Fahrzeugen vom Typ VW Scirocco oder Corrado widmen<\/p>\n                    <p>Wir unterst\u00fctzen alle Modelle des kultigen Typ 53 Coup\u00e9s, egal ob werksseitig spezifiziert oder modifiziert, ob es sich um ein Ausstellungsst\u00fcck oder ein Rennstreckenfahrzeug handelt, ob es sich um einen Alltagsfahrer oder ein Wochenendfahrzeug\n                      handelt. Das Register ist dazu da, alle Besitzer und Kaufinteressenten eines 1&#8217;er oder 2&#8217;er Scirocco und Corrado zu unterst\u00fctzen.<\/p>\n                  <\/div>\n                <\/div>\n              <\/div>\n            <\/div>\n          <\/div>\n          <div class=\"h-column h-column-container d-flex h-col-lg-4 h-col-md-4 h-col-12 style-379-outer style-local-23-c9-outer\">\n            <div data-colibri-id=\"23-c9\" class=\"d-flex h-flex-basis h-column__inner h-px-lg-2 h-px-md-2 h-px-2 v-inner-lg-2 v-inner-md-2 v-inner-2 style-379 style-local-23-c9 position-relative\">\n              <!---->\n              <!---->\n              <div class=\"w-100 h-y-container h-column__content h-column__v-align flex-basis-100 align-self-lg-start align-self-md-start align-self-start\">\n                <!---->\n                <div data-colibri-id=\"23-c10\" class=\"h-text h-text-component style-381 style-local-23-c10 position-relative h-element\">\n                  <!---->\n                  <!---->\n                  <div class=\"\">\n                    <p>Die Personen hinter der IG53 sind ein freundlicher, aufgeschlossener Haufen &#8211; sachkundig und sehr zug\u00e4nglich. Sprechen Sie uns auf Messen an, kontaktieren Sie uns bei Fragen und beteiligen Sie sich an den st\u00e4ndig wachsenden und beliebten\n                      Foren und Facebook-Seiten.<\/p>\n                    <p>Wenn du Interesse hast bei uns mitzumachen, benutzte einfach das Kontaktformular und schreib uns eine Nachricht. Durch die Organisation als Interessensgemeinschaft fallen keine monatlichen oder j\u00e4hrlichen Kosten an. Du kannst dich\n                      aktiv beteiligen oder liest einfach nur mit was die Kollegen zu sagen haben.&nbsp;<\/p>\n                  <\/div>\n                <\/div>\n              <\/div>\n            <\/div>\n          <\/div>\n        <\/div>\n      <\/div>\n    <\/div>\n  <\/div>\n  <div data-colibri-component=\"section\" data-colibri-id=\"23-c11\" id=\"custom-2\" class=\"h-section h-section-global-spacing d-flex align-items-lg-center align-items-md-center align-items-center style-382 style-local-23-c11 position-relative\">\n    <!---->\n    <!---->\n    <div class=\"h-section-grid-container h-section-boxed-container\">\n      <!---->\n      <div data-colibri-id=\"23-c12\" class=\"h-row-container gutters-row-lg-2 gutters-row-md-2 gutters-row-0 gutters-row-v-lg-2 gutters-row-v-md-2 gutters-row-v-2 style-383 style-local-23-c12 position-relative\">\n        <!---->\n        <div class=\"h-row justify-content-lg-center justify-content-md-center justify-content-center align-items-lg-stretch align-items-md-stretch align-items-stretch gutters-col-lg-2 gutters-col-md-2 gutters-col-0 gutters-col-v-lg-2 gutters-col-v-md-2 gutters-col-v-2\">\n          <!---->\n          <div class=\"h-column h-column-container d-flex h-col-lg-auto h-col-md-auto h-col-auto style-384-outer style-local-23-c13-outer\">\n            <div data-colibri-id=\"23-c13\" class=\"d-flex h-flex-basis h-column__inner h-px-lg-2 h-px-md-2 h-px-2 v-inner-lg-2 v-inner-md-2 v-inner-2 style-384 style-local-23-c13 position-relative\">\n              <!---->\n              <!---->\n              <div class=\"w-100 h-y-container h-column__content h-column__v-align flex-basis-100 align-self-lg-start align-self-md-start align-self-start\">\n                <!---->\n                <div data-colibri-id=\"23-c14\" class=\"d-block style-387 style-local-23-c14 position-relative h-element\">\n                  <!---->\n                  <div class=\"h-image__frame-container-outer\">\n                    <div class=\"h-image__frame-container\">\n                      <!---->\n                      <!---->\n                      <img loading=\"lazy\" decoding=\"async\" width=\"532\" height=\"532\" src=\"https:\/\/ig53.ch\/wp-content\/uploads\/2022\/07\/cropped-3.jpg\" class=\"wp-image-519 style-387-image style-local-23-c14-image\" alt=\"\" srcset=\"https:\/\/ig53.ch\/wp-content\/uploads\/2022\/07\/cropped-3.jpg 532w, https:\/\/ig53.ch\/wp-content\/uploads\/2022\/07\/cropped-3-300x300.jpg 300w, https:\/\/ig53.ch\/wp-content\/uploads\/2022\/07\/cropped-3-100x100.jpg 100w, https:\/\/ig53.ch\/wp-content\/uploads\/2022\/07\/cropped-3-150x150.jpg 150w\" sizes=\"auto, (max-width: 532px) 100vw, 532px\" \/>\n                      <div class=\"h-image__frame h-hide-lg h-hide-md h-hide-sm style-387-frameImage style-local-23-c14-frameImage\"><\/div>\n                    <\/div>\n                  <\/div>\n                <\/div>\n              <\/div>\n            <\/div>\n          <\/div>\n          <div class=\"h-column h-column-container d-flex h-col-lg-auto h-col-md-auto h-col-auto style-385-outer style-local-23-c15-outer\">\n            <div data-colibri-id=\"23-c15\" class=\"d-flex h-flex-basis h-column__inner h-px-lg-2 h-px-md-2 h-px-2 v-inner-lg-2 v-inner-md-2 v-inner-2 style-385 style-local-23-c15 position-relative\">\n              <!---->\n              <!---->\n              <div class=\"w-100 h-y-container h-column__content h-column__v-align flex-basis-100 align-self-lg-start align-self-md-start align-self-start\">\n                <!---->\n                <div data-colibri-id=\"23-c16\" class=\"d-block style-388 style-local-23-c16 position-relative h-element\">\n                  <!---->\n                  <div class=\"h-image__frame-container-outer\">\n                    <div class=\"h-image__frame-container\">\n                      <!---->\n                      <!---->\n                      <img loading=\"lazy\" decoding=\"async\" width=\"656\" height=\"656\" src=\"https:\/\/ig53.ch\/wp-content\/uploads\/2022\/07\/cropped-1-1.jpg\" class=\"wp-image-521 style-388-image style-local-23-c16-image\" alt=\"\" srcset=\"https:\/\/ig53.ch\/wp-content\/uploads\/2022\/07\/cropped-1-1.jpg 656w, https:\/\/ig53.ch\/wp-content\/uploads\/2022\/07\/cropped-1-1-300x300.jpg 300w, https:\/\/ig53.ch\/wp-content\/uploads\/2022\/07\/cropped-1-1-100x100.jpg 100w, https:\/\/ig53.ch\/wp-content\/uploads\/2022\/07\/cropped-1-1-600x600.jpg 600w, https:\/\/ig53.ch\/wp-content\/uploads\/2022\/07\/cropped-1-1-150x150.jpg 150w\" sizes=\"auto, (max-width: 656px) 100vw, 656px\" \/>\n                      <div class=\"h-image__frame h-hide-lg h-hide-md h-hide-sm style-388-frameImage style-local-23-c16-frameImage\"><\/div>\n                    <\/div>\n                  <\/div>\n                <\/div>\n              <\/div>\n            <\/div>\n          <\/div>\n          <div class=\"h-column h-column-container d-flex h-col-lg-auto h-col-md-auto h-col-auto style-386-outer style-local-23-c17-outer\">\n            <div data-colibri-id=\"23-c17\" class=\"d-flex h-flex-basis h-column__inner h-px-lg-2 h-px-md-2 h-px-2 v-inner-lg-2 v-inner-md-2 v-inner-2 style-386 style-local-23-c17 position-relative\">\n              <!---->\n              <!---->\n              <div class=\"w-100 h-y-container h-column__content h-column__v-align flex-basis-100 align-self-lg-start align-self-md-start align-self-start\">\n                <!---->\n                <div data-colibri-id=\"23-c18\" class=\"d-block style-389 style-local-23-c18 position-relative h-element\">\n                  <!---->\n                  <div class=\"h-image__frame-container-outer\">\n                    <div class=\"h-image__frame-container\">\n                      <!---->\n                      <!---->\n                      <img loading=\"lazy\" decoding=\"async\" width=\"459\" height=\"459\" src=\"https:\/\/ig53.ch\/wp-content\/uploads\/2022\/07\/cropped-2.jpg\" class=\"wp-image-522 style-389-image style-local-23-c18-image\" alt=\"\" srcset=\"https:\/\/ig53.ch\/wp-content\/uploads\/2022\/07\/cropped-2.jpg 459w, https:\/\/ig53.ch\/wp-content\/uploads\/2022\/07\/cropped-2-300x300.jpg 300w, https:\/\/ig53.ch\/wp-content\/uploads\/2022\/07\/cropped-2-100x100.jpg 100w, https:\/\/ig53.ch\/wp-content\/uploads\/2022\/07\/cropped-2-150x150.jpg 150w\" sizes=\"auto, (max-width: 459px) 100vw, 459px\" \/>\n                      <div class=\"h-image__frame h-hide-lg h-hide-md h-hide-sm style-389-frameImage style-local-23-c18-frameImage\"><\/div>\n                    <\/div>\n                  <\/div>\n                <\/div>\n              <\/div>\n            <\/div>\n          <\/div>\n        <\/div>\n      <\/div>\n    <\/div>\n  <\/div>\n<\/div>","protected":false},"excerpt":{"rendered":"<p>Die IG 53 Schweiz Die 2001 gegr\u00fcndete IG53 Schweiz ist ein loser Verbund von Personen die sich in ihrer Freizeit gerne den Fahrzeugen vom Typ VW Scirocco oder Corrado widmen Wir unterst\u00fctzen alle Modelle des kultigen Typ 53 Coup\u00e9s, egal ob werksseitig spezifiziert oder modifiziert, ob es sich um ein Ausstellungsst\u00fcck oder ein Rennstreckenfahrzeug handelt, [&hellip;]<\/p>\n","protected":false},"author":1,"featured_media":0,"parent":0,"menu_order":0,"comment_status":"closed","ping_status":"closed","template":"page-templates\/homepage.php","meta":{"pgc_sgb_lightbox_settings":"","footnotes":""},"class_list":["post-23","page","type-page","status-publish","hentry"],"_links":{"self":[{"href":"https:\/\/ig53.ch\/index.php\/wp-json\/wp\/v2\/pages\/23","targetHints":{"allow":["GET"]}}],"collection":[{"href":"https:\/\/ig53.ch\/index.php\/wp-json\/wp\/v2\/pages"}],"about":[{"href":"https:\/\/ig53.ch\/index.php\/wp-json\/wp\/v2\/types\/page"}],"author":[{"embeddable":true,"href":"https:\/\/ig53.ch\/index.php\/wp-json\/wp\/v2\/users\/1"}],"replies":[{"embeddable":true,"href":"https:\/\/ig53.ch\/index.php\/wp-json\/wp\/v2\/comments?post=23"}],"version-history":[{"count":16,"href":"https:\/\/ig53.ch\/index.php\/wp-json\/wp\/v2\/pages\/23\/revisions"}],"predecessor-version":[{"id":1377,"href":"https:\/\/ig53.ch\/index.php\/wp-json\/wp\/v2\/pages\/23\/revisions\/1377"}],"wp:attachment":[{"href":"https:\/\/ig53.ch\/index.php\/wp-json\/wp\/v2\/media?parent=23"}],"curies":[{"name":"wp","href":"https:\/\/api.w.org\/{rel}","templated":true}]}}